{"id":4371,"date":"2025-02-02T17:07:36","date_gmt":"2025-02-02T16:07:36","guid":{"rendered":"https:\/\/dyetstore.com\/?page_id=4371"},"modified":"2025-02-04T19:00:27","modified_gmt":"2025-02-04T18:00:27","slug":"uber-dyet","status":"publish","type":"page","link":"https:\/\/dyetstore.com\/de\/uber-dyet\/","title":{"rendered":"Dyet, \u00fcber"},"content":{"rendered":"[vc_row type=&#8221;full_width_background&#8221; full_screen_row_position=&#8221;middle&#8221; column_margin=&#8221;default&#8221; column_direction=&#8221;default&#8221; column_direction_tablet=&#8221;default&#8221; column_direction_phone=&#8221;default&#8221; bg_color=&#8221;#ffffff&#8221; scene_position=&#8221;center&#8221; top_padding=&#8221;5%&#8221; bottom_padding=&#8221;5%&#8221; text_color=&#8221;dark&#8221; text_align=&#8221;left&#8221; row_border_radius=&#8221;none&#8221; row_border_radius_applies=&#8221;bg&#8221; overflow=&#8221;visible&#8221; overlay_strength=&#8221;0.3&#8243; gradient_direction=&#8221;left_t_to_right_b&#8221; enable_shape_divider=&#8221;true&#8221; shape_divider_color=&#8221;#ffffff&#8221; shape_divider_position=&#8221;top&#8221; shape_divider_height=&#8221;300&#8243; shape_divider_bring_to_front=&#8221;true&#8221; bg_image_animation=&#8221;none&#8221; gradient_type=&#8221;default&#8221; shape_type=&#8221;mountains&#8221;][vc_column column_padding=&#8221;no-extra-padding&#8221; column_padding_tablet=&#8221;inherit&#8221; column_padding_phone=&#8221;inherit&#8221; column_padding_position=&#8221;all&#8221; column_element_direction_desktop=&#8221;default&#8221; column_element_spacing=&#8221;default&#8221; desktop_text_alignment=&#8221;default&#8221; tablet_text_alignment=&#8221;default&#8221; phone_text_alignment=&#8221;default&#8221; background_color_opacity=&#8221;1&#8243; background_hover_color_opacity=&#8221;1&#8243; column_backdrop_filter=&#8221;none&#8221; column_shadow=&#8221;none&#8221; column_border_radius=&#8221;none&#8221; column_link_target=&#8221;_self&#8221; column_position=&#8221;default&#8221; gradient_direction=&#8221;left_to_right&#8221; overlay_strength=&#8221;0.3&#8243; width=&#8221;1\/1&#8243; tablet_width_inherit=&#8221;default&#8221; animation_type=&#8221;default&#8221; bg_image_animation=&#8221;none&#8221; border_type=&#8221;simple&#8221; column_border_width=&#8221;none&#8221; column_border_style=&#8221;solid&#8221; column_padding_type=&#8221;default&#8221; gradient_type=&#8221;default&#8221;][vc_row_inner equal_height=&#8221;yes&#8221; column_margin=&#8221;60px&#8221; column_direction=&#8221;default&#8221; column_direction_tablet=&#8221;default&#8221; column_direction_phone=&#8221;default&#8221; top_padding=&#8221;3%&#8221; text_align=&#8221;left&#8221; row_position=&#8221;default&#8221; row_position_tablet=&#8221;inherit&#8221; row_position_phone=&#8221;inherit&#8221; overflow=&#8221;visible&#8221; pointer_events=&#8221;all&#8221;][vc_column_inner column_padding=&#8221;no-extra-padding&#8221; column_padding_tablet=&#8221;inherit&#8221; column_padding_phone=&#8221;inherit&#8221; column_padding_position=&#8221;all&#8221; column_element_direction_desktop=&#8221;default&#8221; column_element_spacing=&#8221;default&#8221; desktop_text_alignment=&#8221;default&#8221; tablet_text_alignment=&#8221;default&#8221; phone_text_alignment=&#8221;default&#8221; background_color_opacity=&#8221;1&#8243; background_hover_color_opacity=&#8221;1&#8243; column_backdrop_filter=&#8221;none&#8221; column_shadow=&#8221;none&#8221; column_border_radius=&#8221;none&#8221; column_link_target=&#8221;_self&#8221; overflow=&#8221;visible&#8221; gradient_direction=&#8221;left_to_right&#8221; overlay_strength=&#8221;0.3&#8243; width=&#8221;1\/3&#8243; tablet_width_inherit=&#8221;default&#8221; animation_type=&#8221;default&#8221; bg_image_animation=&#8221;none&#8221; border_type=&#8221;simple&#8221; column_border_width=&#8221;none&#8221; column_border_style=&#8221;solid&#8221;][vc_custom_heading text=&#8221;W\u00e4hrend viele Marken von Nahrungserg\u00e4nzungsmitteln schnelle L\u00f6sungen und einmonatige Kuren propagieren, haben wir uns f\u00fcr einen anderen Weg entschieden: den Weg der Nachhaltigkeit und der nachgewiesenen Ergebnisse.&#8221; font_container=&#8221;tag:h2|font_size:20px|text_align:left|color:%23636654|line_height:30px&#8221; use_theme_fonts=&#8221;yes&#8221; css=&#8221;.vc_custom_1737806858678{margin-top: 2% !important;margin-bottom: 10% !important;border-radius: 5px !important;}&#8221;][vc_column_text css=&#8221;&#8221; text_direction=&#8221;default&#8221;]Wir bei <strong>Dyet<\/strong> haben es uns zur Aufgabe gemacht, die Art und Weise, wie Nahrungserg\u00e4nzungsmittel wahrgenommen werden, neu zu definieren.<\/p>\n<p>Wir m\u00f6chten mehr als nur Produkte anbieten: <strong>Wir m\u00f6chten eine Begleitung schaffen, die jedem hilft, sein volles Gesundheitspotenzial zu erreichen<\/strong>.<\/p>\n<p>Durch die Betonung von Zeit und Qualit\u00e4t heben wir uns von den kurzlebigen Trends der Branche ab und bauen eine vertrauensvolle Beziehung zu unseren Kunden auf.<\/p>\n<p><strong>Unser Ansatz beruht auf einer einfachen, aber wesentlichen \u00dcberzeugung: Wohlbefinden ist mehr als ein einmaliger Effekt.<\/strong>[\/vc_column_text][\/vc_column_inner][vc_column_inner column_padding=&#8221;no-extra-padding&#8221; column_padding_tablet=&#8221;inherit&#8221; column_padding_phone=&#8221;inherit&#8221; column_padding_position=&#8221;all&#8221; column_element_direction_desktop=&#8221;default&#8221; column_element_spacing=&#8221;default&#8221; desktop_text_alignment=&#8221;default&#8221; tablet_text_alignment=&#8221;default&#8221; phone_text_alignment=&#8221;default&#8221; background_color_opacity=&#8221;1&#8243; background_hover_color_opacity=&#8221;1&#8243; column_backdrop_filter=&#8221;none&#8221; column_shadow=&#8221;none&#8221; column_border_radius=&#8221;none&#8221; column_link_target=&#8221;_self&#8221; overflow=&#8221;visible&#8221; gradient_direction=&#8221;left_to_right&#8221; overlay_strength=&#8221;0.3&#8243; width=&#8221;1\/3&#8243; tablet_width_inherit=&#8221;default&#8221; animation_type=&#8221;default&#8221; bg_image_animation=&#8221;none&#8221; border_type=&#8221;simple&#8221; column_border_width=&#8221;none&#8221; column_border_style=&#8221;solid&#8221;][vc_custom_heading text=&#8221;Damit der K\u00f6rper die Vorteile von Nahrungserg\u00e4nzungsmitteln voll nutzen kann, braucht er Zeit. Deshalb sind unsere Kuren nur in Packungen mit 3 Flaschen (f\u00fcr 3 Monate) erh\u00e4ltlich, was der empfohlenen Dauer entspricht, um optimale und dauerhafte Ergebnisse zu erzielen. Dieser Zeitraum erm\u00f6glicht es dem K\u00f6rper, sich allm\u00e4hlich anzupassen und die nat\u00fcrlichen Wirkstoffe voll zu nutzen.&#8221; font_container=&#8221;tag:h3|font_size:18px|text_align:left|color:%23ffffff|line_height:24px&#8221; google_fonts=&#8221;font_family:Average%3Aregular|font_style:400%20regular%3A400%3Anormal&#8221; css=&#8221;.vc_custom_1738199860611{margin-bottom: 5% !important;padding-top: 6% !important;padding-right: 6% !important;padding-bottom: 6% !important;padding-left: 6% !important;background-color: #898975 !important;border-radius: 5px !important;}&#8221;][vc_column_text css=&#8221;.vc_custom_1738583235561{padding-right: 10% !important;}&#8221; text_direction=&#8221;default&#8221;]Im Gegensatz zu den \u00fcberall sonst \u00fcblichen monatlichen Kuren m\u00f6chten wir unsere Kunden ermutigen, sich langfristig um ihre Gesundheit zu k\u00fcmmern und nicht in die Falle von Versprechungen auf schnelle Ver\u00e4nderungen zu tappen.<\/p>\n<p>Diese Entscheidung ist mehr als nur eine gesch\u00e4ftliche Wahl, sie spiegelt unser Engagement f\u00fcr eine ganzheitliche Gesundheit wider.<\/p>\n<p><strong>Wenn Sie sich f\u00fcr eine dreimonatige Kur entscheiden, geben Sie Ihrem K\u00f6rper die M\u00f6glichkeit, sich anzupassen, zu reagieren und die N\u00e4hr- und Wirkstoffe, die wir sorgf\u00e4ltig ausgew\u00e4hlt haben, um die Wirksamkeit unserer Formeln zu optimieren, wirklich zu integrieren<\/strong>.<\/p>\n<p>Sie investieren in eine tiefgreifende und engagierte Ver\u00e4nderung, weit entfernt von kurzlebigen L\u00f6sungen, die nur die Symptome an der Oberfl\u00e4che verdecken, ohne die wirklichen Ursachen zu behandeln.[\/vc_column_text][\/vc_column_inner][vc_column_inner column_padding=&#8221;padding-7-percent&#8221; column_padding_tablet=&#8221;inherit&#8221; column_padding_phone=&#8221;inherit&#8221; column_padding_position=&#8221;left&#8221; column_element_direction_desktop=&#8221;default&#8221; column_element_spacing=&#8221;default&#8221; desktop_text_alignment=&#8221;default&#8221; tablet_text_alignment=&#8221;default&#8221; phone_text_alignment=&#8221;default&#8221; background_color_opacity=&#8221;1&#8243; background_hover_color_opacity=&#8221;1&#8243; column_backdrop_filter=&#8221;none&#8221; font_color=&#8221;#000000&#8243; column_shadow=&#8221;none&#8221; column_border_radius=&#8221;none&#8221; column_link_target=&#8221;_self&#8221; overflow=&#8221;visible&#8221; gradient_direction=&#8221;top_to_bottom&#8221; overlay_strength=&#8221;0.3&#8243; width=&#8221;1\/3&#8243; tablet_width_inherit=&#8221;default&#8221; animation_type=&#8221;default&#8221; bg_image_animation=&#8221;none&#8221; border_type=&#8221;advanced&#8221; border_left_desktop=&#8221;1&#8243; column_border_color=&#8221;#c4c4c4&#8243; column_border_style=&#8221;solid&#8221; column_padding_type=&#8221;default&#8221; gradient_type=&#8221;default&#8221;][image_with_animation image_url=&#8221;1769&#8243; image_size=&#8221;medium&#8221; animation_type=&#8221;entrance&#8221; animation=&#8221;None&#8221; animation_movement_type=&#8221;transform_y&#8221; hover_animation=&#8221;none&#8221; alignment=&#8221;&#8221; border_radius=&#8221;none&#8221; box_shadow=&#8221;none&#8221; image_loading=&#8221;default&#8221; max_width=&#8221;100%&#8221; max_width_mobile=&#8221;default&#8221; margin_bottom=&#8221;30&#8243;][vc_column_text css=&#8221;&#8221; text_direction=&#8221;default&#8221;]\n<h5>Die Marke der Schweizer Qualit\u00e4t und des Schweizer Know-hows.<\/h5>\n<p>Dyet wurde von einem Team aus erfahrenen Biochemikern und diplomierten Ern\u00e4hrungswissenschaftlern\/Mikron\u00e4hrern gegr\u00fcndet, die sich f\u00fcr die Welt der Nahrungserg\u00e4nzungsmittel und deren Vorteile begeistern.<\/p>\n<p><strong>Dyet<\/strong> zeichnet sich durch seine hochwertigen Produkte und die f\u00fcr jedes seiner Nahrungserg\u00e4nzungsmittel entwickelten Formeln aus, die streng konzipiert und optimiert sind, um eine maximale Wirksamkeit zu erzielen, die wissenschaftlich durch die neuesten Innovationen der Wissenschaft belegt ist.<\/p>\n<p>Die Inhaltsstoffe unserer Formeln werden sorgf\u00e4ltig dosiert und alle unsere Nahrungserg\u00e4nzungsmittel werden in der Schweiz hergestellt, um eine optimale Qualit\u00e4tskontrolle w\u00e4hrend der gesamten Produktionskette zu gew\u00e4hrleisten.[\/vc_column_text][\/vc_column_inner][\/vc_row_inner][\/vc_column][\/vc_row][vc_row type=&#8221;full_width_background&#8221; full_screen_row_position=&#8221;middle&#8221; column_margin=&#8221;default&#8221; column_direction=&#8221;default&#8221; column_direction_tablet=&#8221;default&#8221; column_direction_phone=&#8221;default&#8221; scene_position=&#8221;center&#8221; text_color=&#8221;dark&#8221; text_align=&#8221;left&#8221; row_border_radius=&#8221;none&#8221; row_border_radius_applies=&#8221;bg&#8221; overflow=&#8221;visible&#8221; overlay_strength=&#8221;0.3&#8243; gradient_direction=&#8221;left_to_right&#8221; shape_divider_color=&#8221;#ffffff&#8221; shape_divider_position=&#8221;both&#8221; shape_divider_height=&#8221;350px&#8221; bg_image_animation=&#8221;none&#8221; gradient_type=&#8221;default&#8221; shape_type=&#8221;mountains&#8221;][vc_column column_padding=&#8221;no-extra-padding&#8221; column_padding_tablet=&#8221;inherit&#8221; column_padding_phone=&#8221;inherit&#8221; column_padding_position=&#8221;all&#8221; column_element_direction_desktop=&#8221;default&#8221; column_element_spacing=&#8221;default&#8221; desktop_text_alignment=&#8221;default&#8221; tablet_text_alignment=&#8221;default&#8221; phone_text_alignment=&#8221;default&#8221; background_color_opacity=&#8221;1&#8243; background_hover_color_opacity=&#8221;1&#8243; column_backdrop_filter=&#8221;none&#8221; column_shadow=&#8221;none&#8221; column_border_radius=&#8221;none&#8221; column_link_target=&#8221;_self&#8221; column_position=&#8221;default&#8221; gradient_direction=&#8221;left_to_right&#8221; overlay_strength=&#8221;0.3&#8243; width=&#8221;1\/1&#8243; tablet_width_inherit=&#8221;default&#8221; animation_type=&#8221;default&#8221; bg_image_animation=&#8221;none&#8221; border_type=&#8221;simple&#8221; column_border_width=&#8221;none&#8221; column_border_style=&#8221;solid&#8221;][nectar_global_section id=&#8221;3540&#8243;][\/vc_column][\/vc_row]\n","protected":false},"excerpt":{"rendered":"<p>[vc_row type=&#8221;full_width_background&#8221; full_screen_row_position=&#8221;middle&#8221; column_margin=&#8221;default&#8221; column_direction=&#8221;default&#8221; column_direction_tablet=&#8221;default&#8221; column_direction_phone=&#8221;default&#8221; bg_color=&#8221;#ffffff&#8221; scene_position=&#8221;center&#8221; top_padding=&#8221;5%&#8221;&#8230;<\/p>\n","protected":false},"author":1,"featured_media":0,"parent":0,"menu_order":0,"comment_status":"closed","ping_status":"closed","template":"","meta":{"footnotes":""},"class_list":["post-4371","page","type-page","status-publish"],"jetpack_sharing_enabled":false,"jetpack_shortlink":"https:\/\/wp.me\/Pg1tek-18v","_links":{"self":[{"href":"https:\/\/dyetstore.com\/de\/wp-json\/wp\/v2\/pages\/4371","targetHints":{"allow":["GET"]}}],"collection":[{"href":"https:\/\/dyetstore.com\/de\/wp-json\/wp\/v2\/pages"}],"about":[{"href":"https:\/\/dyetstore.com\/de\/wp-json\/wp\/v2\/types\/page"}],"author":[{"embeddable":true,"href":"https:\/\/dyetstore.com\/de\/wp-json\/wp\/v2\/users\/1"}],"replies":[{"embeddable":true,"href":"https:\/\/dyetstore.com\/de\/wp-json\/wp\/v2\/comments?post=4371"}],"version-history":[{"count":0,"href":"https:\/\/dyetstore.com\/de\/wp-json\/wp\/v2\/pages\/4371\/revisions"}],"wp:attachment":[{"href":"https:\/\/dyetstore.com\/de\/wp-json\/wp\/v2\/media?parent=4371"}],"curies":[{"name":"wp","href":"https:\/\/api.w.org\/{rel}","templated":true}]}}