{"id":4474,"date":"2025-02-03T17:47:29","date_gmt":"2025-02-03T16:47:29","guid":{"rendered":"https:\/\/dyetstore.com\/?page_id=4474"},"modified":"2026-03-13T20:09:01","modified_gmt":"2026-03-13T19:09:01","slug":"cart","status":"publish","type":"page","link":"https:\/\/dyetstore.com\/de\/cart\/","title":{"rendered":"Cart"},"content":{"rendered":"[divider line_type=&#8221;no-line&#8221; custom_height=&#8221;50&#8243;]\n\r\n<div data-block-name=\"woocommerce\/cart\" class=\"wp-block-woocommerce-cart alignwide is-loading\">\r\n<div data-block-name=\"woocommerce\/filled-cart-block\" class=\"wp-block-woocommerce-filled-cart-block\">\r\n<div data-block-name=\"woocommerce\/cart-items-block\" class=\"wp-block-woocommerce-cart-items-block\">\r\n<div data-block-name=\"woocommerce\/cart-line-items-block\" data-translated-with-w-p-m-l-t-m=\"1\" class=\"wp-block-woocommerce-cart-line-items-block\"> <\/div>\r\n\r\n\r\n\r\n<div data-block-name=\"woocommerce\/cart-cross-sells-block\" class=\"wp-block-woocommerce-cart-cross-sells-block\">&#013;\n<p>\u00a0<\/p>&#013;\n<h3 class=\"wp-block-heading has-large-font-size\">Diese Zus\u00e4tze k\u00f6nnten f\u00fcr Sie von Interesse sein&#8230;<\/h3>&#013;\n\r\n\r\n\r\n<div data-block-name=\"woocommerce\/cart-cross-sells-products-block\" data-translated-with-w-p-m-l-t-m=\"1\" class=\"wp-block-woocommerce-cart-cross-sells-products-block\"> <\/div>\r\n<\/div>\r\n<\/div>\r\n\r\n\r\n\r\n<div data-block-name=\"woocommerce\/cart-totals-block\" class=\"wp-block-woocommerce-cart-totals-block\">\r\n<div data-block-name=\"woocommerce\/cart-order-summary-block\" class=\"wp-block-woocommerce-cart-order-summary-block\">\r\n<div data-block-name=\"woocommerce\/cart-order-summary-heading-block\" class=\"wp-block-woocommerce-cart-order-summary-heading-block\">\u00a0<\/div>\r\n\r\n\r\n\r\n<div data-block-name=\"woocommerce\/cart-order-summary-coupon-form-block\" data-translated-with-w-p-m-l-t-m=\"1\" class=\"wp-block-woocommerce-cart-order-summary-coupon-form-block\"> <\/div>\r\n\r\n\r\n\r\n\r\n\r\n\r\n\r\n\r\n\r\n\r\n\r\n\r\n\r\n\r\n\r\n\r\n\r\n\r\n\r\n<div data-block-name=\"woocommerce\/cart-order-summary-totals-block\" class=\"wp-block-woocommerce-cart-order-summary-totals-block\">\n<div data-block-name=\"woocommerce\/cart-order-summary-subtotal-block\" data-translated-with-w-p-m-l-t-m=\"1\" class=\"wp-block-woocommerce-cart-order-summary-subtotal-block\"> <\/div>\n<div data-block-name=\"woocommerce\/cart-order-summary-discount-block\" data-translated-with-w-p-m-l-t-m=\"1\" class=\"wp-block-woocommerce-cart-order-summary-discount-block\"> <\/div>\n<div data-block-name=\"woocommerce\/cart-order-summary-fee-block\" data-translated-with-w-p-m-l-t-m=\"1\" class=\"wp-block-woocommerce-cart-order-summary-fee-block\"> <\/div>\n<div data-block-name=\"woocommerce\/cart-order-summary-shipping-block\" data-translated-with-w-p-m-l-t-m=\"1\" class=\"wp-block-woocommerce-cart-order-summary-shipping-block\"> <\/div>\n<div data-block-name=\"woocommerce\/cart-order-summary-taxes-block\" data-translated-with-w-p-m-l-t-m=\"1\" class=\"wp-block-woocommerce-cart-order-summary-taxes-block\"> <\/div><\/div>\r\n<\/div>\r\n\r\n\r\n\r\n<div data-block-name=\"woocommerce\/cart-express-payment-block\" data-button-border-radius=\"4\" data-button-height=\"48\" data-show-button-styles=\"false\" data-translated-with-w-p-m-l-t-m=\"1\" class=\"wp-block-woocommerce-cart-express-payment-block\"> <\/div>\r\n\r\n\r\n\r\n<div data-block-name=\"woocommerce\/proceed-to-checkout-block\" class=\"wp-block-woocommerce-proceed-to-checkout-block\">\u00a0<\/div>\r\n\r\n\r\n\r\n<div data-block-name=\"woocommerce\/cart-accepted-payment-methods-block\" data-translated-with-w-p-m-l-t-m=\"1\" class=\"wp-block-woocommerce-cart-accepted-payment-methods-block\"> <\/div>\r\n<\/div>\r\n<\/div>\r\n\r\n\r\n\r\n<div data-block-name=\"woocommerce\/empty-cart-block\" class=\"wp-block-woocommerce-empty-cart-block\" style=\"text-align: center\">&#013;\n<h3 class=\"wp-block-heading has-text-align-center with-empty-cart-icon wc-block-cart__empty-cart__title\">Ihr Warenkorb ist leer!<\/h3>&#013;\n\r\n\r\n<hr class=\"wp-block-separator has-alpha-channel-opacity is-style-dots\" \/>\r\n\r\n&#013;\n<h3 class=\"wp-block-heading has-text-align-center\">[button color=&#8221;accent-color&#8221; hover_text_color_override=&#8221;#fff&#8221; size=&#8221;large&#8221; url=&#8221;https:\/\/dyetstore.com\/#shop&#8221; text=&#8221;Zur\u00fcck zum Shop&#8221; color_override=&#8221;&#8221;]<\/h3>&#013;\n\r\n[divider line_type=&#8221;no-line&#8221; custom_height=&#8221;200&#8243;]\r\n<\/div>\r\n<\/div>\r\n","protected":false},"excerpt":{"rendered":"<p>[divider line_type=&#8221;no-line&#8221; custom_height=&#8221;50&#8243;]<\/p>\n","protected":false},"author":1,"featured_media":0,"parent":0,"menu_order":0,"comment_status":"closed","ping_status":"closed","template":"","meta":{"footnotes":""},"class_list":["post-4474","page","type-page","status-publish"],"jetpack_sharing_enabled":false,"jetpack_shortlink":"https:\/\/wp.me\/Pg1tek-1aa","_links":{"self":[{"href":"https:\/\/dyetstore.com\/de\/wp-json\/wp\/v2\/pages\/4474","targetHints":{"allow":["GET"]}}],"collection":[{"href":"https:\/\/dyetstore.com\/de\/wp-json\/wp\/v2\/pages"}],"about":[{"href":"https:\/\/dyetstore.com\/de\/wp-json\/wp\/v2\/types\/page"}],"author":[{"embeddable":true,"href":"https:\/\/dyetstore.com\/de\/wp-json\/wp\/v2\/users\/1"}],"replies":[{"embeddable":true,"href":"https:\/\/dyetstore.com\/de\/wp-json\/wp\/v2\/comments?post=4474"}],"version-history":[{"count":1,"href":"https:\/\/dyetstore.com\/de\/wp-json\/wp\/v2\/pages\/4474\/revisions"}],"predecessor-version":[{"id":5763,"href":"https:\/\/dyetstore.com\/de\/wp-json\/wp\/v2\/pages\/4474\/revisions\/5763"}],"wp:attachment":[{"href":"https:\/\/dyetstore.com\/de\/wp-json\/wp\/v2\/media?parent=4474"}],"curies":[{"name":"wp","href":"https:\/\/api.w.org\/{rel}","templated":true}]}}