{"id":4289,"date":"2025-01-16T20:28:42","date_gmt":"2025-02-02T15:53:13","guid":{"rendered":"https:\/\/dyetstore.com\/?post_type=product&#038;p=4289"},"modified":"2025-12-01T15:19:01","modified_gmt":"2025-12-01T14:19:01","slug":"omega-3","status":"publish","type":"product","link":"https:\/\/dyetstore.com\/de\/p\/omega-3\/","title":{"rendered":"Omega 3"},"content":{"rendered":"[vc_row type=&#8221;in_container&#8221; full_screen_row_position=&#8221;middle&#8221; column_margin=&#8221;default&#8221; column_direction=&#8221;default&#8221; column_direction_tablet=&#8221;default&#8221; column_direction_phone=&#8221;default&#8221; scene_position=&#8221;center&#8221; top_margin=&#8221;35px&#8221; text_color=&#8221;dark&#8221; text_align=&#8221;left&#8221; row_border_radius=&#8221;10px&#8221; row_border_radius_applies=&#8221;bg&#8221; overflow=&#8221;hidden&#8221; overlay_strength=&#8221;0.3&#8243; gradient_direction=&#8221;left_to_right&#8221; shape_divider_position=&#8221;bottom&#8221; bg_image_animation=&#8221;none&#8221; gradient_type=&#8221;default&#8221; shape_type=&#8221;&#8221;][vc_column column_element_direction_desktop=&#8221;default&#8221; column_element_spacing=&#8221;default&#8221; desktop_text_alignment=&#8221;default&#8221; tablet_text_alignment=&#8221;default&#8221; phone_text_alignment=&#8221;default&#8221; background_color_opacity=&#8221;1&#8243; background_hover_color_opacity=&#8221;1&#8243; column_backdrop_filter=&#8221;none&#8221; column_shadow=&#8221;none&#8221; column_border_radius=&#8221;none&#8221; column_link_target=&#8221;_self&#8221; column_position=&#8221;default&#8221; gradient_direction=&#8221;left_to_right&#8221; overlay_strength=&#8221;0.3&#8243; width=&#8221;1\/1&#8243; tablet_width_inherit=&#8221;default&#8221; animation_type=&#8221;default&#8221; enable_animation=&#8221;true&#8221; animation=&#8221;fade-in-from-bottom&#8221; animation_easing=&#8221;default&#8221; bg_image_animation=&#8221;none&#8221; border_type=&#8221;advanced&#8221; border_top_desktop=&#8221;1px&#8221; border_bottom_desktop=&#8221;1px&#8221; column_border_color=&#8221;#968f88&#8243; column_border_style=&#8221;solid&#8221; column_padding_type=&#8221;advanced&#8221; gradient_type=&#8221;default&#8221; delay=&#8221;2000&#8243;][toggles style=&#8221;minimal&#8221; accordion=&#8221;true&#8221; accordion_starting_functionality=&#8221;default&#8221;][toggle color=&#8221;Default&#8221; heading_tag=&#8221;h5&#8243; heading_tag_functionality=&#8221;default&#8221; title=&#8221;Beschreibung des Produkts&#8221;][vc_column_text css=&#8221;.vc_custom_1737802397441{margin-bottom: 50px !important;}&#8221; text_direction=&#8221;default&#8221;]<strong>Die wichtige Rolle von Omega-3-Fetts\u00e4uren im K\u00f6rper.<br \/>\n<\/strong>Omega-3-Fetts\u00e4uren sind wichtige N\u00e4hrstoffe, die der K\u00f6rper nicht selbst herstellen kann und die daher \u00fcber die Nahrung oder Nahrungserg\u00e4nzungsmittel zugef\u00fchrt werden m\u00fcssen. Hier sind ihre wichtigsten Aufgaben:[\/vc_column_text][vc_row_inner equal_height=&#8221;yes&#8221; content_placement=&#8221;middle&#8221; column_margin=&#8221;default&#8221; column_direction=&#8221;default&#8221; column_direction_tablet=&#8221;default&#8221; column_direction_phone=&#8221;default&#8221; text_align=&#8221;left&#8221; row_position=&#8221;default&#8221; row_position_tablet=&#8221;inherit&#8221; row_position_phone=&#8221;inherit&#8221; overflow=&#8221;visible&#8221; pointer_events=&#8221;all&#8221;][vc_column_inner column_padding=&#8221;padding-1-percent&#8221; column_padding_tablet=&#8221;inherit&#8221; column_padding_phone=&#8221;inherit&#8221; column_padding_position=&#8221;all&#8221; column_element_direction_desktop=&#8221;default&#8221; column_element_spacing=&#8221;default&#8221; centered_text=&#8221;true&#8221; desktop_text_alignment=&#8221;default&#8221; tablet_text_alignment=&#8221;default&#8221; phone_text_alignment=&#8221;default&#8221; background_color_opacity=&#8221;1&#8243; background_hover_color_opacity=&#8221;1&#8243; column_backdrop_filter=&#8221;none&#8221; column_shadow=&#8221;none&#8221; column_border_radius=&#8221;none&#8221; column_link_target=&#8221;_self&#8221; overflow=&#8221;visible&#8221; gradient_direction=&#8221;left_to_right&#8221; overlay_strength=&#8221;0.3&#8243; width=&#8221;5\/12&#8243; tablet_width_inherit=&#8221;default&#8221; animation_type=&#8221;default&#8221; enable_animation=&#8221;true&#8221; animation=&#8221;slight-fade-in-from-bottom&#8221; mobile_disable_entrance_animation=&#8221;true&#8221; animation_easing=&#8221;default&#8221; bg_image_animation=&#8221;none&#8221; border_type=&#8221;simple&#8221; column_border_width=&#8221;none&#8221; column_border_style=&#8221;solid&#8221; column_padding_type=&#8221;default&#8221; gradient_type=&#8221;default&#8221; delay=&#8221;2000&#8243;][image_with_animation image_url=&#8221;3856&#8243; image_size=&#8221;full&#8221; animation_type=&#8221;entrance&#8221; animation=&#8221;None&#8221; animation_movement_type=&#8221;transform_y&#8221; hover_animation=&#8221;none&#8221; alignment=&#8221;center&#8221; border_radius=&#8221;none&#8221; box_shadow=&#8221;small_depth&#8221; image_loading=&#8221;default&#8221; max_width=&#8221;100%&#8221; max_width_mobile=&#8221;default&#8221; mask_enable=&#8221;true&#8221; mask_size=&#8221;contain&#8221;][\/vc_column_inner][vc_column_inner column_padding=&#8221;no-extra-padding&#8221; column_padding_tablet=&#8221;inherit&#8221; column_padding_phone=&#8221;inherit&#8221; column_padding_position=&#8221;all&#8221; top_margin=&#8221;3%&#8221; column_element_direction_desktop=&#8221;default&#8221; column_element_spacing=&#8221;0px&#8221; desktop_text_alignment=&#8221;default&#8221; tablet_text_alignment=&#8221;default&#8221; phone_text_alignment=&#8221;default&#8221; background_color_opacity=&#8221;1&#8243; background_hover_color_opacity=&#8221;1&#8243; column_backdrop_filter=&#8221;none&#8221; column_shadow=&#8221;none&#8221; column_border_radius=&#8221;none&#8221; column_link_target=&#8221;_self&#8221; overflow=&#8221;visible&#8221; gradient_direction=&#8221;left_to_right&#8221; overlay_strength=&#8221;0.3&#8243; width=&#8221;7\/12&#8243; tablet_width_inherit=&#8221;default&#8221; animation_type=&#8221;default&#8221; bg_image_animation=&#8221;none&#8221; border_type=&#8221;simple&#8221; column_border_width=&#8221;none&#8221; column_border_style=&#8221;solid&#8221; column_padding_type=&#8221;default&#8221; gradient_type=&#8221;default&#8221;][vc_column_text css=&#8221;.vc_custom_1737802683135{margin-bottom: 50px !important;}&#8221; text_direction=&#8221;default&#8221;]<strong><a href=\"https:\/\/dyetstore.com\/de\/p\/focus\/\">Eine starke Synergie mit Focus<\/a><br \/>\n<\/strong>In Kombination mit dem Erg\u00e4nzungsfuttermittel <a href=\"https:\/\/dyetstore.com\/de\/p\/focus\/\"><strong>Focus<\/strong><\/a><strong>Omega 3<span class=\"gmail-Apple-converted-space\"> <\/span><\/strong> Dyet, das zur Verbesserung der kognitiven Funktionen entwickelt wurde.<span class=\"gmail-Apple-converted-space\"> <\/span>verst\u00e4rken ihre wohltuende Wirkung. Zusammen wirken diese beiden Produkte synergetisch, um die geistige Leistungsf\u00e4higkeit, die allgemeine Gesundheit und ein dauerhaftes Wohlbefinden zu unterst\u00fctzen.[\/vc_column_text][\/vc_column_inner][\/vc_row_inner][\/toggle][toggle color=&#8221;Default&#8221; heading_tag=&#8221;h5&#8243; heading_tag_functionality=&#8221;default&#8221; title=&#8221;Zutaten&#8221;]<div class=\"nectar-fancy-ul\" data-list-icon=\"icon-salient-thin-line\" data-animation=\"false\" data-animation-delay=\"0\" data-color=\"accent-color\" data-spacing=\"15px\" data-alignment=\"left\"> \n<ul>\n<li>Konzentriertes \u00d6l aus MSC-zertifiziertem Wildseelachs<\/li>\n<li>Vitamin E<\/li>\n<\/ul>\n <\/div>[\/toggle][toggle color=&#8221;Default&#8221; heading_tag=&#8221;h5&#8243; heading_tag_functionality=&#8221;default&#8221; title=&#8221;Eigenschaften der Inhaltsstoffe&#8221;]<div class=\"nectar-fancy-ul\" data-list-icon=\"icon-salient-thin-line\" data-animation=\"false\" data-animation-delay=\"0\" data-color=\"accent-color\" data-spacing=\"15px\" data-alignment=\"left\"> \n<ul>\n<li><strong>Aufbau der Zellmembranen:<\/strong><br \/>\nOmega-3-Fetts\u00e4uren tragen zur Struktur und Fl\u00fcssigkeit der Zellmembranen bei, was eine optimale Zellkommunikation f\u00f6rdert.<\/li>\n<li><strong>Herz-Kreislauf-Unterst\u00fctzung:<\/strong><br \/>\nSie tragen zur Regulierung des Cholesterinspiegels, zur Senkung der Triglyceride und zum Schutz vor Herzerkrankungen bei.<\/li>\n<li><strong>Kognitive und neurologische Funktionen:<\/strong><br \/>\nSie sind wesentlich f\u00fcr die Entwicklung und Erhaltung des Gehirns, f\u00f6rdern das Ged\u00e4chtnis, die Konzentration und beugen neurologischen St\u00f6rungen vor.<\/li>\n<li><strong>Gesundheit der Augen:<\/strong><br \/>\nDHA, das in Omega-3-Fetts\u00e4uren enthalten ist, ist eine Schl\u00fcsselkomponente der Netzhaut und tr\u00e4gt zur Aufrechterhaltung einer normalen Sehkraft und zur Vorbeugung bestimmter Augenerkrankungen bei.<\/li>\n<li><strong>Entz\u00fcndungshemmende Wirkung:<\/strong><br \/>\nAufgrund ihrer entz\u00fcndungshemmenden Eigenschaften helfen sie, chronische Entz\u00fcndungen zu reduzieren und unterst\u00fctzen die Gesundheit der Gelenke und des Immunsystems.<\/li>\n<li><strong>Emotionale Ausgeglichenheit:<\/strong><br \/>\nOmega-3-Fetts\u00e4uren tragen zur Regulierung der Stimmung und zur Verringerung von Stress und depressiven Verstimmungen bei.<\/li>\n<\/ul>\n <\/div>[\/toggle][toggle color=&#8221;Default&#8221; heading_tag=&#8221;h5&#8243; heading_tag_functionality=&#8221;default&#8221; title=&#8221;Dosierung&#8221;]<div class=\"nectar-fancy-ul\" data-list-icon=\"icon-salient-thin-line\" data-animation=\"false\" data-animation-delay=\"0\" data-color=\"accent-color\" data-spacing=\"15px\" data-alignment=\"left\"> <strong>Um die Vorteile von Dyet Omega 3 voll auszusch\u00f6pfen, sind die folgenden Dosierungsempfehlungen zu beachten:<\/strong><\/p>\n<ul>\n<li><strong>Empfohlene Tagesdosis: <\/strong>2 Kapseln pro Tag, vorzugsweise w\u00e4hrend einer Mahlzeit einzunehmen, um eine bessere Absorption der Fetts\u00e4uren zu gew\u00e4hrleisten.<\/li>\n<li><strong>Dauer der Anwendung: <\/strong>Omega-3-Fetts\u00e4uren k\u00f6nnen das ganze Jahr \u00fcber zur st\u00e4ndigen Unterst\u00fctzung Ihrer Gesundheit eingenommen werden, insbesondere bei erh\u00f6htem Bedarf (Stress, geistige Ersch\u00f6pfung, Sehst\u00f6rungen usw.).<\/li>\n<\/ul>\n<p><strong>Vorsichtsma\u00dfnahmen :<\/strong><\/p>\n<ul>\n<li>\u00dcberschreiten Sie nicht die empfohlene Dosis.<\/li>\n<li>Geeignet f\u00fcr Erwachsene und Jugendliche, sofern nicht anders von einem medizinischen Fachmann empfohlen.<\/li>\n<li>Fragen Sie Ihren Arzt, wenn Sie schwanger sind, stillen oder eine blutverd\u00fcnnende Behandlung erhalten.<\/li>\n<\/ul>\n <\/div>[\/toggle][toggle color=&#8221;Default&#8221; heading_tag=&#8221;h5&#8243; heading_tag_functionality=&#8221;default&#8221; title=&#8221;Gegenanzeigen&#8221;]<div class=\"nectar-fancy-ul\" data-list-icon=\"icon-salient-thin-line\" data-animation=\"false\" data-animation-delay=\"0\" data-color=\"accent-color\" data-spacing=\"15px\" data-alignment=\"left\"> <strong>Abgeraten wird von der Anwendung bei :<\/strong><\/p>\n<ul>\n<li>Schwangerschaft<\/li>\n<li>Hypothyreose<\/li>\n<li>Einnahme von Antikoagulantien<\/li>\n<\/ul>\n <\/div>[\/toggle][\/toggles][\/vc_column][\/vc_row]\n","protected":false},"excerpt":{"rendered":"<h5><span style=\"color: #0000ff\">1-monatige Kur (1.13 Chf \/ Tag)<\/span><\/h5>\n<p>Die <strong>Omega-3-Erg\u00e4nzungen von Dyet<\/strong> sind so formuliert, dass sie die wesentlichen Bed\u00fcrfnisse Ihres K\u00f6rpers erf\u00fcllen. Mit einer optimalen Konzentration von <strong>400 mg EPA und 300 mg DHA pro Gramm<\/strong> werden sie aus wild gefangenem Alaska-Seelachs hergestellt, was eine au\u00dfergew\u00f6hnliche Reinheit und eine nachhaltige Fischerei mit <strong>MSC-Zertifizierung<\/strong> garantiert.<\/p>\n","protected":false},"featured_media":4290,"comment_status":"closed","ping_status":"closed","template":"","meta":[],"product_brand":[],"product_cat":[385],"product_tag":[325,324,326,323],"class_list":{"0":"post-4289","1":"product","2":"type-product","3":"status-publish","4":"has-post-thumbnail","6":"product_cat-nahrungsergaenzungsmittel","7":"product_tag-dha-de","8":"product_tag-epa-de","9":"product_tag-msc-de","10":"product_tag-omega3-de","11":"product_shipping_class-abzeichen-item","13":"first","14":"outofstock","15":"shipping-taxable","16":"purchasable","17":"product-type-simple"},"jetpack_sharing_enabled":true,"_links":{"self":[{"href":"https:\/\/dyetstore.com\/de\/wp-json\/wp\/v2\/product\/4289","targetHints":{"allow":["GET"]}}],"collection":[{"href":"https:\/\/dyetstore.com\/de\/wp-json\/wp\/v2\/product"}],"about":[{"href":"https:\/\/dyetstore.com\/de\/wp-json\/wp\/v2\/types\/product"}],"replies":[{"embeddable":true,"href":"https:\/\/dyetstore.com\/de\/wp-json\/wp\/v2\/comments?post=4289"}],"wp:featuredmedia":[{"embeddable":true,"href":"https:\/\/dyetstore.com\/de\/wp-json\/wp\/v2\/media\/4290"}],"wp:attachment":[{"href":"https:\/\/dyetstore.com\/de\/wp-json\/wp\/v2\/media?parent=4289"}],"wp:term":[{"taxonomy":"product_brand","embeddable":true,"href":"https:\/\/dyetstore.com\/de\/wp-json\/wp\/v2\/product_brand?post=4289"},{"taxonomy":"product_cat","embeddable":true,"href":"https:\/\/dyetstore.com\/de\/wp-json\/wp\/v2\/product_cat?post=4289"},{"taxonomy":"product_tag","embeddable":true,"href":"https:\/\/dyetstore.com\/de\/wp-json\/wp\/v2\/product_tag?post=4289"}],"curies":[{"name":"wp","href":"https:\/\/api.w.org\/{rel}","templated":true}]}}