{"id":4292,"date":"2025-01-12T18:22:23","date_gmt":"2025-02-02T15:53:08","guid":{"rendered":"https:\/\/dyetstore.com\/?post_type=product&#038;p=4292"},"modified":"2026-04-01T13:55:48","modified_gmt":"2026-04-01T11:55:48","slug":"nova","status":"publish","type":"product","link":"https:\/\/dyetstore.com\/de\/p\/nova\/","title":{"rendered":"NOVA:AGE &#8211; Your Younger You"},"content":{"rendered":"[vc_row type=&#8221;in_container&#8221; full_screen_row_position=&#8221;middle&#8221; column_margin=&#8221;default&#8221; column_direction=&#8221;default&#8221; column_direction_tablet=&#8221;default&#8221; column_direction_phone=&#8221;default&#8221; scene_position=&#8221;center&#8221; top_margin=&#8221;35px&#8221; text_color=&#8221;dark&#8221; text_align=&#8221;left&#8221; row_border_radius=&#8221;10px&#8221; row_border_radius_applies=&#8221;bg&#8221; overflow=&#8221;hidden&#8221; overlay_strength=&#8221;0.3&#8243; gradient_direction=&#8221;left_to_right&#8221; shape_divider_position=&#8221;bottom&#8221; bg_image_animation=&#8221;none&#8221; gradient_type=&#8221;default&#8221; shape_type=&#8221;&#8221;][vc_column column_element_direction_desktop=&#8221;default&#8221; column_element_spacing=&#8221;default&#8221; desktop_text_alignment=&#8221;default&#8221; tablet_text_alignment=&#8221;default&#8221; phone_text_alignment=&#8221;default&#8221; background_color_opacity=&#8221;1&#8243; background_hover_color_opacity=&#8221;1&#8243; column_backdrop_filter=&#8221;none&#8221; column_shadow=&#8221;none&#8221; column_border_radius=&#8221;none&#8221; column_link_target=&#8221;_self&#8221; column_position=&#8221;default&#8221; gradient_direction=&#8221;left_to_right&#8221; overlay_strength=&#8221;0.3&#8243; width=&#8221;1\/1&#8243; tablet_width_inherit=&#8221;default&#8221; animation_type=&#8221;default&#8221; enable_animation=&#8221;true&#8221; animation=&#8221;fade-in-from-bottom&#8221; animation_easing=&#8221;default&#8221; bg_image_animation=&#8221;none&#8221; border_type=&#8221;advanced&#8221; border_top_desktop=&#8221;1&#8243; border_bottom_desktop=&#8221;1&#8243; column_border_color=&#8221;#968f88&#8243; column_border_style=&#8221;solid&#8221; column_padding_type=&#8221;advanced&#8221; gradient_type=&#8221;default&#8221; delay=&#8221;1000&#8243;][toggles style=&#8221;minimal&#8221; accordion=&#8221;true&#8221; accordion_starting_functionality=&#8221;default&#8221;][toggle color=&#8221;Default&#8221; heading_tag=&#8221;h5&#8243; heading_tag_functionality=&#8221;default&#8221; title=&#8221;Beschreibung des Produkts&#8221;][vc_column_text css=&#8221;.vc_custom_1737680153524{margin-bottom: 50px !important;}&#8221; text_direction=&#8221;default&#8221;]<strong>PQQ: Das Geheimnis der Jugend und der Energie in NOVA AGE<\/strong><\/p>\n<p>Im Bereich der Anti-Aging-Kosmetik und Nahrungserg\u00e4nzungsmittel bringt die Forschung immer wieder neue innovative Inhaltsstoffe hervor. <a href=\"https:\/\/dyetstore.com\/et-si-le-pqq-etait-la-solution-a-la-longevite\/\">Einer dieser revolution\u00e4ren Inhaltsstoffe ist PQQ<\/a> oder Pyrroloquinolinchinon, ein starkes Antioxidans, das in NOVA:AGE enthalten ist. Heute ist es weithin f\u00fcr seine unglaublichen Vorteile f\u00fcr die Haut, die Zellgesundheit und die Gesamtenergie des K\u00f6rpers bekannt.   <a href=\"https:\/\/dyetstore.com\/et-si-le-pqq-etait-la-solution-a-la-longevite\/\">Aber was macht PQQ so besonders und warum ist es der wichtigste Bestandteil von NOVA:AGE?<\/a><\/p>\n<p><strong>PQQ: Ein starkes Antioxidans<\/strong><\/p>\n<p>PQQ ist ein nat\u00fcrliches Antioxidans, das oft mit Vitamin C verglichen wird, aber noch bemerkenswertere Eigenschaften hat. Es hilft, freie Radikale im K\u00f6rper zu neutralisieren, instabile Molek\u00fcle, die die Zellalterung beschleunigen. Dieser Prozess ist entscheidend f\u00fcr die Reduzierung der sichtbaren Zeichen der Hautalterung, einschlie\u00dflich Falten, feine Linien und Verlust der Festigkeit der Haut. Durch die Reduzierung von oxidativem Stress f\u00f6rdert PQQ einen strahlenderen Teint und eine jugendliche Ausstrahlung der Haut.   <\/p>\n<p><strong>Vorbeugung der Hautalterung<\/strong><\/p>\n<p>Einer der Gr\u00fcnde, warum PQQ zu einem unverzichtbaren Bestandteil der Anti-Aging-Pflege geworden ist, liegt in seiner F\u00e4higkeit, die Hautzellen vor Sch\u00e4den durch freie Radikale zu sch\u00fctzen. Es verbessert nicht nur die Hautstruktur, sondern stimuliert auch die Produktion von Kollagen und Elastin, zwei Proteine, die f\u00fcr die Festigkeit und Elastizit\u00e4t der Haut entscheidend sind. Dank dieser Eigenschaften bietet das PQQ in NOVA:AGE einen starken Anti-Aging-Effekt und tr\u00e4gt zu einer j\u00fcngeren, strafferen und glatteren Haut bei.  <\/p>\n<p><strong>Erneuerte Zellenergie<\/strong><\/p>\n<p>PQQ sch\u00fctzt nicht nur die Haut, sondern wirkt auch tiefgreifend auf den Zellstoffwechsel. Dieses Antioxidans ist f\u00fcr seine F\u00e4higkeit bekannt, die Biogenese der Mitochondrien &#8211; der Energiekraftwerke unserer Zellen &#8211; zu stimulieren. Eine bessere Produktion von Mitochondrien bedeutet eine h\u00f6here Energieproduktion auf Zellebene, was sich positiv auf unseren gesamten K\u00f6rper auswirken kann. Dies f\u00fchrt zu mehr Energie, besserer Ausdauer und geringerer allgemeiner M\u00fcdigkeit.   <\/p>\n<p><strong>Zellreparatur und -regeneration<\/strong><\/p>\n<p>\u00dcber seine antioxidativen Eigenschaften hinaus ist PQQ auch ein Schl\u00fcsselfaktor bei der Reparatur besch\u00e4digter Zellen. Es aktiviert die biologischen Prozesse, die die Zellregeneration f\u00f6rdern und beschleunigt so die Reparatur von Gewebe, das durch Alterung oder \u00e4u\u00dfere Einfl\u00fcsse (Umweltverschmutzung, UV-Strahlen usw.) gesch\u00e4digt wurde. F\u00fcr die Haut bedeutet dies ein gleichm\u00e4\u00dfigeres Erscheinungsbild, weniger Pigmentflecken und eine weichere Textur.  <\/p>\n<p><strong>Ein innovativer Zusatz in NOVA:AGE<\/strong><\/p>\n<p>NOVA:AGE hat sein Nahrungserg\u00e4nzungsmittel mit einer optimalen Konzentration an PQQ formuliert, um Ihrer Haut einen maximalen Anti-Aging-Schutz zu bieten. Indem es auf den Zellstoffwechsel einwirkt und die Gewebereparatur unterst\u00fctzt, optimiert das PQQ die Wirksamkeit der anderen Inhaltsstoffe in der Formel und schafft so eine perfekte Synergie im Kampf gegen die Hautalterung. Nach einigen Wochen der Kur k\u00f6nnen Sie eine strahlendere, gest\u00e4rkte Haut und neue Energie erwarten.[\/vc_column_text][\/toggle][toggle color=&#8221;Default&#8221; heading_tag=&#8221;h5&#8243; heading_tag_functionality=&#8221;default&#8221; title=&#8221;Zusammensetzung&#8221;]<div class=\"nectar-fancy-ul\" data-list-icon=\"icon-salient-thin-line\" data-animation=\"false\" data-animation-delay=\"0\" data-color=\"accent-color\" data-spacing=\"default\" data-alignment=\"left\"> \n<h5><strong>Nova Age kombiniert 11 aktive Inhaltsstoffe mit antioxidativen, energiespendenden und regenerierenden Eigenschaften, um eine umfassende Wirkung auf Ihre Gesundheit und Sch\u00f6nheit zu erzielen.<\/strong><\/h5>\n<ul>\n<li><strong>Trans-Resveratrol (150 mg):<\/strong><br \/>\nSch\u00fctzt die Zellen vor Alterung und unterst\u00fctzt die kardiovaskul\u00e4re Gesundheit.<\/li>\n<li><strong>Ubiquinon und Ubiquinol (200 mg):<\/strong><br \/>\nCoenzym Q10, um Ihre Energie zu steigern und die Gesundheit Ihres Herzens zu unterst\u00fctzen.<\/li>\n<li><strong>Quercetin (100 mg):<\/strong><br \/>\nEin starkes Antioxidans, das die Zellen sch\u00fctzt und Ihr Immunsystem unterst\u00fctzt.<\/li>\n<li><strong>Liposomales Vitamin C (80 mg):<\/strong><br \/>\nSt\u00e4rkt Ihre Immunit\u00e4t und f\u00f6rdert eine strahlende Haut.<\/li>\n<li><strong>Astragalus-Extrakt (75 mg):<\/strong><br \/>\nEin Verb\u00fcndeter f\u00fcr Langlebigkeit und Immunit\u00e4t.<\/li>\n<li><strong>Alpha-Lipons\u00e4ure (50 mg):<\/strong><br \/>\nEntgiftet und sch\u00fctzt Ihre Zellen vor freien Radikalen.<\/li>\n<li><strong>Vitamin B3 (Niacin) (15 mg):<\/strong><br \/>\nF\u00fcr einen optimierten Stoffwechsel und eine gesunde Haut.<\/li>\n<li><strong>Spermidin (6 mg):<\/strong><br \/>\nStimuliert die Zellerneuerung und die Langlebigkeit.<\/li>\n<li><strong>Zink (5,3 mg):<\/strong><br \/>\nSt\u00e4rkt das Immunsystem und sch\u00fctzt die Haut.<\/li>\n<li><strong>PQQ (5 mg):<\/strong><br \/>\nF\u00f6rdert die mitochondriale Energieproduktion und unterst\u00fctzt die Gesundheit des Gehirns.<\/li>\n<\/ul>\n <\/div>[\/toggle][toggle color=&#8221;Default&#8221; heading_tag=&#8221;h5&#8243; heading_tag_functionality=&#8221;default&#8221; title=&#8221;Zutaten&#8221;][vc_column_text css=&#8221;&#8221; text_direction=&#8221;default&#8221;]Weizenkeimextrakt (Triticum aestivum L.), Trans-Resveratrol (Extrakt aus Polygonum cuspidatum), Coenzym Q10 (Ubiquinon &amp; Ubiquinol), Quercetindihydrat, Liposomales Vitamin C, Astragalus-Extrakt (Astragalus membranaceus), Alpha-Lipons\u00e4ure (ALA), Zinkgluconat, Niacin, Pyrroloquinolinchinon (PQQ). Vegetarische Kapsel (HPMC).[\/vc_column_text][\/toggle][toggle color=&#8221;Default&#8221; heading_tag=&#8221;h5&#8243; heading_tag_functionality=&#8221;default&#8221; title=&#8221;Dosierung&#8221;][vc_column_text css=&#8221;&#8221; text_direction=&#8221;default&#8221;]Nehmen Sie 2 Kapseln Nova Age pro Tag ein, um optimale Ergebnisse zu erzielen. Wir empfehlen Ihnen, die Kapseln mit einer Mahlzeit einzunehmen, um die Aufnahme der fettl\u00f6slichen Wirkstoffe zu erleichtern.[\/vc_column_text][\/toggle][toggle color=&#8221;Default&#8221; heading_tag=&#8221;h5&#8243; heading_tag_functionality=&#8221;default&#8221; title=&#8221;Gegenanzeigen&#8221;]<div class=\"nectar-fancy-ul\" data-list-icon=\"icon-salient-thin-line\" data-animation=\"false\" data-animation-delay=\"0\" data-color=\"accent-color\" data-spacing=\"15px\" data-alignment=\"left\"> \n<ul>\n<li>Abgeraten w\u00e4hrend der Schwangerschaft, Stillzeit, Autoimmunerkrankungen, Herz-, Nieren- oder Lebererkrankungen.<\/li>\n<li>Kann mit Antikoagulantien, blutzuckersenkenden Mitteln oder Immunsuppressiva interagieren.<br \/>\nKonsultieren Sie vor der Anwendung einen Arzt, insbesondere wenn Sie Medikamente einnehmen oder gesundheitliche Probleme haben.<\/li>\n<li>Au\u00dferhalb der Reichweite von Kindern aufbewahren.<\/li>\n<\/ul>\n <\/div>[\/toggle][\/toggles][\/vc_column][\/vc_row]\n","protected":false},"excerpt":{"rendered":"<h3>Die Ultimative Anti-Aging-Formel<\/h3>\n<h5><span style=\"color: #0000ff\">3-monatige Kur (4,35 Chf \/ Tag)<\/span><\/h5>\n<p>Eine revolution\u00e4re Formel, die speziell entwickelt wurde, um die Jugendlichkeit Ihrer Zellen zu bewahren, Ihre Energie zu steigern und Ihnen einen optimalen Schutz vor den Auswirkungen des Alterns zu bieten. Im Bereich der Anti-Aging-Kosmetik und Nahrungserg\u00e4nzungsmittel bringt die Forschung immer wieder innovative Inhaltsstoffe hervor. Einer dieser revolution\u00e4ren Inhaltsstoffe ist die  <span class=\"gmail-Apple-converted-space\"> <\/span><strong>PQQ<\/strong>, oder<span class=\"gmail-Apple-converted-space\"> <\/span><strong>Pyrroloquinolinchinon<\/strong>, ein starkes Antioxidans, das in NOVA:AGE enthalten ist. Heute ist es weithin f\u00fcr seine unglaublichen Vorteile f\u00fcr die Haut, die Zellgesundheit und die gesamte K\u00f6rperenergie bekannt. <\/p>\n","protected":false},"featured_media":4293,"comment_status":"closed","ping_status":"closed","template":"","meta":[],"product_brand":[],"product_cat":[385],"product_tag":[329,330,333,332,331,335,334],"class_list":{"0":"post-4292","1":"product","2":"type-product","3":"status-publish","4":"has-post-thumbnail","6":"product_cat-nahrungsergaenzungsmittel","7":"product_tag-anti-aging-de","8":"product_tag-longevity-de","9":"product_tag-pqq-de","10":"product_tag-resveratrol-de","11":"product_tag-spermidin","12":"product_tag-ubichinon","13":"product_tag-ubiquinol-de","14":"product_shipping_class-bundle-de","16":"first","17":"instock","18":"shipping-taxable","19":"purchasable","20":"product-type-simple"},"jetpack_sharing_enabled":true,"_links":{"self":[{"href":"https:\/\/dyetstore.com\/de\/wp-json\/wp\/v2\/product\/4292","targetHints":{"allow":["GET"]}}],"collection":[{"href":"https:\/\/dyetstore.com\/de\/wp-json\/wp\/v2\/product"}],"about":[{"href":"https:\/\/dyetstore.com\/de\/wp-json\/wp\/v2\/types\/product"}],"replies":[{"embeddable":true,"href":"https:\/\/dyetstore.com\/de\/wp-json\/wp\/v2\/comments?post=4292"}],"wp:featuredmedia":[{"embeddable":true,"href":"https:\/\/dyetstore.com\/de\/wp-json\/wp\/v2\/media\/4293"}],"wp:attachment":[{"href":"https:\/\/dyetstore.com\/de\/wp-json\/wp\/v2\/media?parent=4292"}],"wp:term":[{"taxonomy":"product_brand","embeddable":true,"href":"https:\/\/dyetstore.com\/de\/wp-json\/wp\/v2\/product_brand?post=4292"},{"taxonomy":"product_cat","embeddable":true,"href":"https:\/\/dyetstore.com\/de\/wp-json\/wp\/v2\/product_cat?post=4292"},{"taxonomy":"product_tag","embeddable":true,"href":"https:\/\/dyetstore.com\/de\/wp-json\/wp\/v2\/product_tag?post=4292"}],"curies":[{"name":"wp","href":"https:\/\/api.w.org\/{rel}","templated":true}]}}