{"id":4312,"date":"2024-12-23T18:04:40","date_gmt":"2025-02-02T15:53:03","guid":{"rendered":"https:\/\/dyetstore.com\/?post_type=product&#038;p=4312"},"modified":"2026-04-04T11:20:49","modified_gmt":"2026-04-04T09:20:49","slug":"focus","status":"publish","type":"product","link":"https:\/\/dyetstore.com\/de\/p\/focus\/","title":{"rendered":"FOCUS &#8211; Boost Your Brain"},"content":{"rendered":"[vc_row type=&#8221;in_container&#8221; full_screen_row_position=&#8221;middle&#8221; column_margin=&#8221;default&#8221; column_direction=&#8221;default&#8221; column_direction_tablet=&#8221;default&#8221; column_direction_phone=&#8221;default&#8221; scene_position=&#8221;center&#8221; top_margin=&#8221;35px&#8221; text_color=&#8221;dark&#8221; text_align=&#8221;left&#8221; row_border_radius=&#8221;10px&#8221; row_border_radius_applies=&#8221;bg&#8221; overflow=&#8221;hidden&#8221; overlay_strength=&#8221;0.3&#8243; gradient_direction=&#8221;left_to_right&#8221; shape_divider_position=&#8221;bottom&#8221; bg_image_animation=&#8221;none&#8221; gradient_type=&#8221;default&#8221; shape_type=&#8221;&#8221;][vc_column column_element_direction_desktop=&#8221;default&#8221; column_element_spacing=&#8221;default&#8221; desktop_text_alignment=&#8221;default&#8221; tablet_text_alignment=&#8221;default&#8221; phone_text_alignment=&#8221;default&#8221; background_color_opacity=&#8221;1&#8243; background_hover_color_opacity=&#8221;1&#8243; column_backdrop_filter=&#8221;none&#8221; column_shadow=&#8221;none&#8221; column_border_radius=&#8221;none&#8221; column_link_target=&#8221;_self&#8221; column_position=&#8221;default&#8221; gradient_direction=&#8221;left_to_right&#8221; overlay_strength=&#8221;0.3&#8243; width=&#8221;1\/1&#8243; tablet_width_inherit=&#8221;default&#8221; animation_type=&#8221;default&#8221; bg_image_animation=&#8221;none&#8221; border_type=&#8221;simple&#8221; column_border_width=&#8221;none&#8221; column_border_color=&#8221;#d8d8d8&#8243; column_border_style=&#8221;solid&#8221; column_padding_type=&#8221;advanced&#8221; gradient_type=&#8221;default&#8221;][toggles style=&#8221;minimal&#8221; accordion=&#8221;true&#8221; accordion_starting_functionality=&#8221;closed&#8221;][toggle color=&#8221;Default&#8221; heading_tag=&#8221;h5&#8243; heading_tag_functionality=&#8221;default&#8221; title=&#8221;Beschreibung des Produkts&#8221;][vc_column_text css=&#8221;.vc_custom_1737881689552{margin-bottom: 50px !important;}&#8221; text_direction=&#8221;default&#8221;]Entdecken Sie das <strong>FOCUS-Programm<\/strong>, eine vollst\u00e4ndige und wirksame Kur zur Verbesserung Ihrer Konzentration und zur Stimulierung Ihres Ged\u00e4chtnisses. Mit starken nat\u00fcrlichen Inhaltsstoffen und einem wissenschaftlich nachgewiesenen Ansatz hilft Ihnen diese Kur, Ihre kognitiven F\u00e4higkeiten zu st\u00e4rken und den ganzen Tag \u00fcber einen klaren und wachen Geist zu bewahren. Bei regelm\u00e4\u00dfiger Anwendung (2 Mal pro Jahr) optimiert <strong>FOCUS<\/strong> Ihre Aufmerksamkeit, steigert Ihr Ged\u00e4chtnis und f\u00f6rdert eine dauerhafte geistige Klarheit. <strong>NADH<\/strong> <em>(Nicotinamid-Adenin-Dinukleotid)<\/em> und <strong>Lion&#8217;s Mane<\/strong> <em>(Hericium Erinaceus)<\/em>, die in der <strong>FOCUS-Kur<\/strong> enthalten sind, wirken synergetisch, um die Energieproduktion auf Zellebene zu unterst\u00fctzen und das Wachstum der Neuronen zu stimulieren. <strong>NADH<\/strong> spielt eine Schl\u00fcsselrolle bei der zellul\u00e4ren Energieproduktion, die f\u00fcr eine optimale Gehirnfunktion unerl\u00e4sslich ist, w\u00e4hrend <strong>Lion&#8217;s Mane<\/strong> die Nervenregeneration f\u00f6rdert und das Ged\u00e4chtnis, die Konzentration und die geistige Klarheit unterst\u00fctzt.[\/vc_column_text]<div class=\"nectar-fancy-ul\" data-list-icon=\"icon-salient-thin-line\" data-animation=\"false\" data-animation-delay=\"0\" data-color=\"accent-color\" data-spacing=\"15px\" data-alignment=\"left\"> \n<h3>Nutzen und Ergebnisse der FOCUS-Kur :<\/h3>\n<ul>\n<li><strong>Verbesserung der Konzentration:<\/strong><br \/>\nDiese Kur hilft Ihnen, Ihre Konzentration den ganzen Tag \u00fcber aufrechtzuerhalten, auch bei komplexen oder anspruchsvollen Aufgaben. Sie werden in der Lage sein, sich besser auf Ihre Ziele zu konzentrieren und Ihre Produktivit\u00e4t zu maximieren. <\/li>\n<li><strong>St\u00e4rkung des Ged\u00e4chtnisses:<\/strong><br \/>\nLion&#8217;s Mane, bekannt f\u00fcr seine neuroprotektiven Eigenschaften, unterst\u00fctzt das Kurz- und Langzeitged\u00e4chtnis und f\u00f6rdert gleichzeitig die Plastizit\u00e4t des Gehirns. Ihre F\u00e4higkeit, sich Informationen zu merken, zu organisieren und abzurufen, wird gest\u00e4rkt. <\/li>\n<li><strong>Geistige Klarheit:<\/strong><br \/>\nNADH steigert Ihr zellul\u00e4res Energieniveau, was zu einer besseren Sauerstoffversorgung des Gehirns f\u00fchrt und Ihnen ein Gef\u00fchl geistiger Klarheit und Lebendigkeit vermittelt. Sie werden sich wacher und weniger anf\u00e4llig f\u00fcr Gehirnnebel f\u00fchlen. <\/li>\n<li><strong>Verringerung der geistigen Erm\u00fcdung:<\/strong><br \/>\nDie Optimierung der Gehirnfunktion verringert die geistige Erm\u00fcdung, reduziert Stress und erh\u00e4lt eine hohe kognitive Leistung \u00fcber den Tag hinweg aufrecht.<\/li>\n<\/ul>\n <\/div><div class=\"nectar-fancy-ul\" data-list-icon=\"icon-salient-thin-line\" data-animation=\"true\" data-animation-delay=\"0\" data-color=\"accent-color\" data-spacing=\"15px\" data-alignment=\"left\"> \n<h3>Assoziierte Vorteile :<\/h3>\n<ul>\n<li><strong>Verbesserte Stressbew\u00e4ltigung:<\/strong><br \/>\nDie nat\u00fcrlichen Inhaltsstoffe der FOCUS-Kur, insbesondere Lion&#8217;s Mane, helfen auch bei der Regulierung des Stressniveaus und der Aufrechterhaltung einer positiven Stimmung, so dass Sie in anspruchsvollen Situationen ruhig und konzentriert bleiben k\u00f6nnen.<\/li>\n<li>F\u00f6rdert <strong>die kognitive Ausdauer:<\/strong><br \/>\nDiese Kur unterst\u00fctzt langfristig Ihre geistige Leistungsf\u00e4higkeit, so dass Sie auch in intensiven Phasen oder bei angesammelter M\u00fcdigkeit eine hervorragende Konzentration und Ged\u00e4chtnisleistung aufrechterhalten k\u00f6nnen.<\/li>\n<li><strong>Sichtbare Wirkung nach 4 Wochen:<\/strong><br \/>\nBereits im ersten Monat werden Sie eine deutliche Verbesserung Ihrer Konzentration, Ihres Ged\u00e4chtnisses und Ihrer geistigen Klarheit feststellen. Sie werden sich bei all Ihren Aktivit\u00e4ten wacher und produktiver f\u00fchlen. <\/li>\n<li><strong>Premium-Formel:<\/strong><br \/>\nDie FOCUS-Kur wurde in der Schweiz mit hochwertigen nat\u00fcrlichen Inhaltsstoffen entwickelt und garantiert eine optimale Reinheit und Wirksamkeit. Jede Kapsel ist so formuliert, dass sie konkrete und dauerhafte Ergebnisse liefert.<br \/>\nOptimieren Sie Ihre kognitiven F\u00e4higkeiten, behalten Sie einen klaren und scharfen Verstand und steigern Sie Ihr Ged\u00e4chtnis mit FOCUS. Erleben Sie einen produktiveren Tag, ohne geistige Erm\u00fcdung und mit voller Konzentration!  <\/li>\n<\/ul>\n <\/div>[\/toggle][toggle color=&#8221;Default&#8221; heading_tag=&#8221;h5&#8243; heading_tag_functionality=&#8221;default&#8221; title=&#8221;Zutaten&#8221;][vc_column_text css=&#8221;&#8221; text_direction=&#8221;default&#8221;]Lion&#8217;s Mane Extrakt <em>(Hericium erinaceus)<\/em>, Acetyl-l-Carnitin HCl, Ginkgo Biloba Extrakt <em>(Ginkgo biloba L.)<\/em>, Bacopa Extrakt <em>(Bacopa monnieri<\/em>), Phosphatidylserin, Alpha-Lipons\u00e4ure, NADH, Pyridoxal 5&#8242;-Phosphat, L-5-Methylfolat, Methylcobalamin. Vegetarische Kapsel <em>(HPMC)<\/em>[\/vc_column_text][\/toggle][toggle color=&#8221;Accent-Color&#8221; heading_tag=&#8221;h5&#8243; heading_tag_functionality=&#8221;default&#8221; title=&#8221;Eigenschaften der Inhaltsstoffe&#8221;]<div class=\"nectar-fancy-ul\" data-list-icon=\"icon-salient-thin-line\" data-animation=\"false\" data-animation-delay=\"0\" data-color=\"accent-color\" data-spacing=\"15px\" data-alignment=\"left\"> <strong>Extrakt aus Lion&#8217;s Mane (Hericium erinaceus) &#8211; 400 mg<\/strong><\/p>\n<ul>\n<li><strong>Eigenschaften<\/strong>: Unterst\u00fctzt die Gesundheit des Gehirns, verbessert das Ged\u00e4chtnis, die Konzentration und stimuliert die Nervenregeneration durch seine Wirkung auf den Nervenwachstumsfaktor (NGF).<\/li>\n<li><strong>Indikation<\/strong>: Wird zur Unterst\u00fctzung der kognitiven Funktionen und zur Verringerung der Symptome des geistigen Verfalls verwendet.<\/li>\n<\/ul>\n<p><strong>Acetyl-L-Carnitin HCl &#8211; 250 mg<\/strong><\/p>\n<ul>\n<li><strong>Eigenschaften<\/strong>: F\u00f6rdert die Energieproduktion in den Mitochondrien und sch\u00fctzt die Nervenzellen. Er verbessert das Ged\u00e4chtnis und die kognitiven Funktionen, besonders bei geistiger Erm\u00fcdung. <\/li>\n<li><strong>Indikation<\/strong>: Wird h\u00e4ufig zur Verbesserung der geistigen Leistungsf\u00e4higkeit und der geistigen Klarheit verwendet.<\/li>\n<\/ul>\n<p><strong>Ginkgo Biloba Extrakt &#8211; 120 mg<\/strong><\/p>\n<ul>\n<li><strong>Eigenschaften<\/strong>: Verbessert die zerebrale Durchblutung, st\u00e4rkt das Ged\u00e4chtnis und die Konzentration. Ein starkes Antioxidans, das die Nervenzellen vor oxidativem Stress sch\u00fctzt. <\/li>\n<li><strong>Indikation<\/strong>: Empfohlen zur Verbesserung der Mikrozirkulation und zur Unterst\u00fctzung der kognitiven Funktionen.<\/li>\n<\/ul>\n<p><strong>Bacopa-Extrakt (Bacopa monnieri) &#8211; 120 mg<\/strong><\/p>\n<ul>\n<li><strong>Eigenschaften<\/strong>: Eine adaptogene Pflanze, die das Ged\u00e4chtnis verbessert, Stress und \u00c4ngste reduziert und die kognitiven Funktionen unterst\u00fctzt. Sie wirkt auf die synaptische Plastizit\u00e4t. <\/li>\n<li><strong>Indikation<\/strong>: Ideal zur Verbesserung des Kurzzeitged\u00e4chtnisses und der Stressbew\u00e4ltigung.<\/li>\n<\/ul>\n<p><strong>Phosphatidylserin &#8211; 100 mg<\/strong><\/p>\n<ul>\n<li><strong>Eigenschaften<\/strong>: Ein wesentlicher Bestandteil der Zellmembranen des Gehirns. Es unterst\u00fctzt die kognitiven Funktionen, verbessert das Ged\u00e4chtnis und hilft, den altersbedingten geistigen Verfall zu verringern. <\/li>\n<li><strong>Hinweis<\/strong>: F\u00f6rdert die Kommunikation zwischen den Neuronen.<\/li>\n<\/ul>\n<p>Alpha-Lipons\u00e4ure &#8211; 100 mg<\/p>\n<ul>\n<li><strong>Eigenschaften<\/strong>: Universelles Antioxidans, sch\u00fctzt die Gehirnzellen vor oxidativem Stress und verbessert die Zellenergie.<\/li>\n<li><strong>Hinweis<\/strong>: N\u00fctzlich zur Vorbeugung von neuronalen Sch\u00e4den und zur F\u00f6rderung einer guten Gehirnfunktion.<\/li>\n<\/ul>\n<p><strong>NADH &#8211; 20 mg<\/strong><\/p>\n<ul>\n<li><strong>Eigenschaften<\/strong>: Spielt eine Schl\u00fcsselrolle bei der Produktion von Zellenergie. Unterst\u00fctzt die geistigen Funktionen, verringert die M\u00fcdigkeit und verbessert die Wachsamkeit. <\/li>\n<li><strong>Hinweis<\/strong>: Tr\u00e4gt zur Energie des Gehirns und zum Stoffwechsel der Nervenzellen bei.<\/li>\n<\/ul>\n<p><strong>Vitamin B6 &#8211; 5 mg (357% NRV)<\/strong><\/p>\n<ul>\n<li><strong>Eigenschaften<\/strong>: Beteiligt an der Synthese von Neurotransmittern wie Dopamin und Serotonin. Unterst\u00fctzt die Funktion des Nervensystems. <\/li>\n<li><strong>Indikation<\/strong>: Wesentlich f\u00fcr das Ged\u00e4chtnis, die Stimmung und die Verringerung von M\u00fcdigkeit.<\/li>\n<\/ul>\n<p><strong>Vitamin B12 &#8211; 500 \u00b5g (20.000% NRV)<\/strong><\/p>\n<ul>\n<li><strong>Eigenschaften<\/strong>: Entscheidend f\u00fcr die neurologische Gesundheit, hilft bei der Produktion von Myelin und ist an der Energiesynthese beteiligt.<\/li>\n<li><strong>Indikation<\/strong>: Bek\u00e4mpft geistige Erm\u00fcdung, unterst\u00fctzt das Ged\u00e4chtnis und die kognitiven Funktionen.<\/li>\n<\/ul>\n<p><strong>Vitamin B9 (Fols\u00e4ure) &#8211; 400 \u00b5g (200% NRV)<\/strong><\/p>\n<ul>\n<li><strong>Eigenschaften<\/strong>: Hilft bei der Bildung von Neurotransmittern und f\u00f6rdert die Zellregeneration.<\/li>\n<li><strong>Hinweis<\/strong>: Wichtig f\u00fcr die Gesundheit des Gehirns, spielt eine Schl\u00fcsselrolle bei der Bew\u00e4ltigung von kognitiven St\u00f6rungen.<\/li>\n<\/ul>\n <\/div>[vc_column_text css=&#8221;&#8221; text_direction=&#8221;default&#8221;]<strong>Schlussfolgerung<\/strong><\/p>\n<p>Diese synergetische Mischung bietet eine optimale Unterst\u00fctzung f\u00fcr die <strong>kognitiven Funktionen<\/strong>, das <strong>Ged\u00e4chtnis<\/strong>, die <strong>Konzentration<\/strong> und die Verringerung der geistigen <strong>Erm\u00fcdung<\/strong>. Dank der neuro-protektiven, antioxidativen und energiespendenden Inhaltsstoffe kann sie besonders n\u00fctzlich f\u00fcr Menschen sein, die nach <strong>geistiger Leistungsf\u00e4higkeit<\/strong> streben oder dem <strong>altersbedingten kognitiven Verfall<\/strong> entgegenwirken wollen.[\/vc_column_text][\/toggle][toggle color=&#8221;Default&#8221; heading_tag=&#8221;h5&#8243; heading_tag_functionality=&#8221;default&#8221; title=&#8221;Dosierung&#8221;]<div class=\"nectar-fancy-ul\" data-list-icon=\"icon-salient-thin-line\" data-animation=\"false\" data-animation-delay=\"0\" data-color=\"accent-color\" data-spacing=\"15px\" data-alignment=\"left\"> <strong>Empfohlene Dosierung f\u00fcr &#8220;Focus&#8221;.<\/strong><\/p>\n<ul>\n<li><strong>T\u00e4gliche Einnahmedosis<\/strong>: Nehmen Sie 2 Kapseln pro Tag mit einem gro\u00dfen Glas Wasser ein.<\/li>\n<li><strong>Idealer Zeitpunkt<\/strong>: Vorzugsweise am Morgen oder zu Beginn des Tages vor 14.00 Uhr, um die geistige Energie und die Konzentration zu optimieren.<\/li>\n<li><strong>Empfohlene<\/strong> Dosis: Je nach Bedarf als 1- bis 3-monatiges Programm zu verwenden.<\/li>\n<\/ul>\n <\/div><div class=\"nectar-fancy-ul\" data-list-icon=\"icon-salient-thin-line\" data-animation=\"false\" data-animation-delay=\"0\" data-color=\"accent-color\" data-spacing=\"15px\" data-alignment=\"left\"> <strong>Zus\u00e4tzliche Ratschl\u00e4ge<\/strong><\/p>\n<ul>\n<li>Nehmen Sie die Kapseln w\u00e4hrend einer Mahlzeit ein, um eine bessere Aufnahme der N\u00e4hrstoffe zu gew\u00e4hrleisten.<\/li>\n<li>Vermeiden Sie die Einnahme des Nahrungserg\u00e4nzungsmittels am Ende des Tages, um den Schlaf nicht zu st\u00f6ren, da es eine stimulierende Wirkung auf die Wachsamkeit hat.<\/li>\n<li>Halten Sie sich an die angegebene Dosis und \u00fcberschreiten Sie nicht die empfohlene Menge.<\/li>\n<\/ul>\n <\/div>[vc_column_text css=&#8221;{&#8220;margin-bottom&#8220;:&#8220;35px&#8220;}&#8221; text_direction=&#8221;default&#8221;]<strong>Diese vollst\u00e4ndige 3-Monats-Kur enth\u00e4lt 3 Fl\u00e4schchen mit je 60 Kapseln (eines pro Monat) und wird f\u00fcr optimale Ergebnisse zweimal j\u00e4hrlich empfohlen.<\/strong>[\/vc_column_text][\/toggle][toggle color=&#8221;Default&#8221; heading_tag=&#8221;h5&#8243; heading_tag_functionality=&#8221;default&#8221; title=&#8221;Gegenanzeigen&#8221;]<div class=\"nectar-fancy-ul\" data-list-icon=\"icon-salient-thin-line\" data-animation=\"false\" data-animation-delay=\"0\" data-color=\"accent-color\" data-spacing=\"15px\" data-alignment=\"left\"> <strong>Vorsichtsma\u00dfnahmen f\u00fcr den Gebrauch<\/strong><\/p>\n<ul>\n<li>Nicht empfohlen f\u00fcr schwangere oder stillende Frauen, Personen unter \u00e4rztlicher Behandlung oder mit chronischen Krankheiten ohne \u00e4rztlichen Rat.<\/li>\n<li>Wenn Sie mit Antikoagulanzien, Schilddr\u00fcsenerkrankungen, Diabetes oder neurologischen Erkrankungen behandelt werden, sollten Sie vor der Anwendung Ihren Arzt befragen.<\/li>\n<li>\u00dcberschreiten Sie nicht die empfohlene Dosis.<\/li>\n<li>Au\u00dferhalb der Reichweite von Kindern aufbewahren.<\/li>\n<\/ul>\n <\/div>[\/toggle][\/toggles][\/vc_column][\/vc_row]\n","protected":false},"excerpt":{"rendered":"<h5><span style=\"color: #0000ff;\">3-Monats-Kur | (2,10 Chf \/ Tag)<\/span><\/h5>\n<p><strong>FOCUS<\/strong>, eine vollst\u00e4ndige und wirksame Kur zur Verbesserung Ihrer Konzentration und zur Stimulierung Ihres Ged\u00e4chtnisses. Mit starken nat\u00fcrlichen Inhaltsstoffen und einem wissenschaftlich erprobten Ansatz hilft Ihnen diese Kur, Ihre kognitiven F\u00e4higkeiten zu st\u00e4rken und den Geist den ganzen Tag \u00fcber wach und klar zu halten. <strong>FOCUS<\/strong> optimiert Ihre Aufmerksamkeit, steigert Ihr Ged\u00e4chtnis und f\u00f6rdert eine dauerhafte geistige Klarheit. <\/p>\n","protected":false},"featured_media":4309,"comment_status":"closed","ping_status":"closed","template":"","meta":[],"product_brand":[],"product_cat":[385],"product_tag":[338,340,339],"class_list":{"0":"post-4312","1":"product","2":"type-product","3":"status-publish","4":"has-post-thumbnail","6":"product_cat-nahrungsergaenzungsmittel","7":"product_tag-focus-de","8":"product_tag-gedachtnis","9":"product_tag-nadh-de","10":"product_shipping_class-bundle-de","12":"first","13":"instock","14":"shipping-taxable","15":"purchasable","16":"product-type-simple"},"jetpack_sharing_enabled":true,"_links":{"self":[{"href":"https:\/\/dyetstore.com\/de\/wp-json\/wp\/v2\/product\/4312","targetHints":{"allow":["GET"]}}],"collection":[{"href":"https:\/\/dyetstore.com\/de\/wp-json\/wp\/v2\/product"}],"about":[{"href":"https:\/\/dyetstore.com\/de\/wp-json\/wp\/v2\/types\/product"}],"replies":[{"embeddable":true,"href":"https:\/\/dyetstore.com\/de\/wp-json\/wp\/v2\/comments?post=4312"}],"wp:featuredmedia":[{"embeddable":true,"href":"https:\/\/dyetstore.com\/de\/wp-json\/wp\/v2\/media\/4309"}],"wp:attachment":[{"href":"https:\/\/dyetstore.com\/de\/wp-json\/wp\/v2\/media?parent=4312"}],"wp:term":[{"taxonomy":"product_brand","embeddable":true,"href":"https:\/\/dyetstore.com\/de\/wp-json\/wp\/v2\/product_brand?post=4312"},{"taxonomy":"product_cat","embeddable":true,"href":"https:\/\/dyetstore.com\/de\/wp-json\/wp\/v2\/product_cat?post=4312"},{"taxonomy":"product_tag","embeddable":true,"href":"https:\/\/dyetstore.com\/de\/wp-json\/wp\/v2\/product_tag?post=4312"}],"curies":[{"name":"wp","href":"https:\/\/api.w.org\/{rel}","templated":true}]}}