{"id":4220,"date":"2025-01-16T20:28:42","date_gmt":"2025-02-01T16:42:42","guid":{"rendered":"https:\/\/dyetstore.com\/?post_type=product&#038;p=4220"},"modified":"2025-03-17T17:27:50","modified_gmt":"2025-03-17T16:27:50","slug":"omega-3","status":"publish","type":"product","link":"https:\/\/dyetstore.com\/en\/p\/omega-3\/","title":{"rendered":"Omega 3"},"content":{"rendered":"[vc_row type=&#8221;in_container&#8221; full_screen_row_position=&#8221;middle&#8221; column_margin=&#8221;default&#8221; column_direction=&#8221;default&#8221; column_direction_tablet=&#8221;default&#8221; column_direction_phone=&#8221;default&#8221; scene_position=&#8221;center&#8221; top_margin=&#8221;35px&#8221; text_color=&#8221;dark&#8221; text_align=&#8221;left&#8221; row_border_radius=&#8221;10px&#8221; row_border_radius_applies=&#8221;bg&#8221; overflow=&#8221;hidden&#8221; overlay_strength=&#8221;0.3&#8243; gradient_direction=&#8221;left_to_right&#8221; shape_divider_position=&#8221;bottom&#8221; bg_image_animation=&#8221;none&#8221; gradient_type=&#8221;default&#8221; shape_type=&#8221;&#8221;][vc_column column_element_direction_desktop=&#8221;default&#8221; column_element_spacing=&#8221;default&#8221; desktop_text_alignment=&#8221;default&#8221; tablet_text_alignment=&#8221;default&#8221; phone_text_alignment=&#8221;default&#8221; background_color_opacity=&#8221;1&#8243; background_hover_color_opacity=&#8221;1&#8243; column_backdrop_filter=&#8221;none&#8221; column_shadow=&#8221;none&#8221; column_border_radius=&#8221;none&#8221; column_link_target=&#8221;_self&#8221; column_position=&#8221;default&#8221; gradient_direction=&#8221;left_to_right&#8221; overlay_strength=&#8221;0.3&#8243; width=&#8221;1\/1&#8243; tablet_width_inherit=&#8221;default&#8221; animation_type=&#8221;default&#8221; enable_animation=&#8221;true&#8221; animation=&#8221;fade-in-from-bottom&#8221; animation_easing=&#8221;default&#8221; bg_image_animation=&#8221;none&#8221; border_type=&#8221;advanced&#8221; border_top_desktop=&#8221;1px&#8221; border_bottom_desktop=&#8221;1px&#8221; column_border_color=&#8221;#968f88&#8243; column_border_style=&#8221;solid&#8221; column_padding_type=&#8221;advanced&#8221; gradient_type=&#8221;default&#8221; delay=&#8221;2000&#8243;][toggles style=&#8221;minimal&#8221; accordion=&#8221;true&#8221; accordion_starting_functionality=&#8221;default&#8221;][toggle color=&#8221;Default&#8221; heading_tag=&#8221;h5&#8243; heading_tag_functionality=&#8221;default&#8221; title=&#8221;Product description&#8221;][vc_column_text css=&#8221;.vc_custom_1737802397441{margin-bottom: 50px !important;}&#8221; text_direction=&#8221;default&#8221;]<strong>The essential role of omega 3 in the body.<br \/>\n<\/strong>Omega 3s are essential nutrients that the body cannot produce on its own and must therefore be supplied through diet or supplements. Here are their essential roles:[\/vc_column_text][vc_row_inner equal_height=&#8221;yes&#8221; content_placement=&#8221;middle&#8221; column_margin=&#8221;default&#8221; column_direction=&#8221;default&#8221; column_direction_tablet=&#8221;default&#8221; column_direction_phone=&#8221;default&#8221; text_align=&#8221;left&#8221; row_position=&#8221;default&#8221; row_position_tablet=&#8221;inherit&#8221; row_position_phone=&#8221;inherit&#8221; overflow=&#8221;visible&#8221; pointer_events=&#8221;all&#8221;][vc_column_inner column_padding=&#8221;padding-1-percent&#8221; column_padding_tablet=&#8221;inherit&#8221; column_padding_phone=&#8221;inherit&#8221; column_padding_position=&#8221;all&#8221; column_element_direction_desktop=&#8221;default&#8221; column_element_spacing=&#8221;default&#8221; centered_text=&#8221;true&#8221; desktop_text_alignment=&#8221;default&#8221; tablet_text_alignment=&#8221;default&#8221; phone_text_alignment=&#8221;default&#8221; background_color_opacity=&#8221;1&#8243; background_hover_color_opacity=&#8221;1&#8243; column_backdrop_filter=&#8221;none&#8221; column_shadow=&#8221;none&#8221; column_border_radius=&#8221;none&#8221; column_link_target=&#8221;_self&#8221; overflow=&#8221;visible&#8221; gradient_direction=&#8221;left_to_right&#8221; overlay_strength=&#8221;0.3&#8243; width=&#8221;5\/12&#8243; tablet_width_inherit=&#8221;default&#8221; animation_type=&#8221;default&#8221; enable_animation=&#8221;true&#8221; animation=&#8221;slight-fade-in-from-bottom&#8221; mobile_disable_entrance_animation=&#8221;true&#8221; animation_easing=&#8221;default&#8221; bg_image_animation=&#8221;none&#8221; border_type=&#8221;simple&#8221; column_border_width=&#8221;none&#8221; column_border_style=&#8221;solid&#8221; column_padding_type=&#8221;default&#8221; gradient_type=&#8221;default&#8221; delay=&#8221;2000&#8243;][image_with_animation image_url=&#8221;3856&#8243; image_size=&#8221;full&#8221; animation_type=&#8221;entrance&#8221; animation=&#8221;None&#8221; animation_movement_type=&#8221;transform_y&#8221; hover_animation=&#8221;none&#8221; alignment=&#8221;center&#8221; border_radius=&#8221;none&#8221; box_shadow=&#8221;small_depth&#8221; image_loading=&#8221;default&#8221; max_width=&#8221;100%&#8221; max_width_mobile=&#8221;default&#8221; mask_enable=&#8221;true&#8221; mask_size=&#8221;contain&#8221;][\/vc_column_inner][vc_column_inner column_padding=&#8221;no-extra-padding&#8221; column_padding_tablet=&#8221;inherit&#8221; column_padding_phone=&#8221;inherit&#8221; column_padding_position=&#8221;all&#8221; top_margin=&#8221;3%&#8221; column_element_direction_desktop=&#8221;default&#8221; column_element_spacing=&#8221;0px&#8221; desktop_text_alignment=&#8221;default&#8221; tablet_text_alignment=&#8221;default&#8221; phone_text_alignment=&#8221;default&#8221; background_color_opacity=&#8221;1&#8243; background_hover_color_opacity=&#8221;1&#8243; column_backdrop_filter=&#8221;none&#8221; column_shadow=&#8221;none&#8221; column_border_radius=&#8221;none&#8221; column_link_target=&#8221;_self&#8221; overflow=&#8221;visible&#8221; gradient_direction=&#8221;left_to_right&#8221; overlay_strength=&#8221;0.3&#8243; width=&#8221;7\/12&#8243; tablet_width_inherit=&#8221;default&#8221; animation_type=&#8221;default&#8221; bg_image_animation=&#8221;none&#8221; border_type=&#8221;simple&#8221; column_border_width=&#8221;none&#8221; column_border_style=&#8221;solid&#8221; column_padding_type=&#8221;default&#8221; gradient_type=&#8221;default&#8221;][vc_column_text css=&#8221;.vc_custom_1738588284957{margin-bottom: 50px !important;}&#8221; text_direction=&#8221;default&#8221;]<strong><a href=\"https:\/\/dyetstore.com\/en\/focus\/\">A powerful synergy with Focus<\/a><br \/>\n<\/strong>When combined with the <a href=\"https:\/\/dyetstore.com\/en\/focus\/\"><strong>Focus<\/strong><\/a> supplement, designed to improve cognitive functions, <strong>Omega 3 Dyet<\/strong> enhance their beneficial effects. Together, these two products work synergistically to support mental performance, overall health, and sustainable well-being.[\/vc_column_text][\/vc_column_inner][\/vc_row_inner][\/toggle][toggle color=&#8221;Default&#8221; heading_tag=&#8221;h5&#8243; heading_tag_functionality=&#8221;default&#8221; title=&#8221;Ingredients&#8221;]<div class=\"nectar-fancy-ul\" data-list-icon=\"icon-salient-thin-line\" data-animation=\"false\" data-animation-delay=\"0\" data-color=\"accent-color\" data-spacing=\"15px\" data-alignment=\"left\"> \n<ul>\n<li>MSC certified wild pollock concentrated oil<\/li>\n<li>Vitamin E<\/li>\n<\/ul>\n <\/div>[\/toggle][toggle color=&#8221;Default&#8221; heading_tag=&#8221;h5&#8243; heading_tag_functionality=&#8221;default&#8221; title=&#8221;Properties of ingredients&#8221;]<div class=\"nectar-fancy-ul\" data-list-icon=\"icon-salient-thin-line\" data-animation=\"false\" data-animation-delay=\"0\" data-color=\"accent-color\" data-spacing=\"15px\" data-alignment=\"left\"> \n<ul>\n<li><strong>Cell membrane composition:<\/strong><br \/>\nOmega 3s contribute to the structure and fluidity of cell membranes, promoting optimal cellular communication.<\/li>\n<li><strong>Cardiovascular support:<\/strong><br \/>\nThey contribute to cholesterol regulation, reduction of triglycerides, and protection against heart disease.<\/li>\n<li><strong>Fonctions cognitives et neurologiques :<\/strong><br \/>\nIls sont essentiels pour le d\u00e9veloppement et le maintien du cerveau, favorisant la m\u00e9moire, la concentration et la pr\u00e9vention des troubles neurologiques.<\/li>\n<li><strong>Sant\u00e9 visuelle :<\/strong><br \/>\nLe DHA, pr\u00e9sent dans les om\u00e9ga 3, est un composant cl\u00e9 de la r\u00e9tine et contribue \u00e0 maintenir une vision normale et \u00e0 pr\u00e9venir certaines maladies oculaires.<\/li>\n<li><strong>Effet anti-inflammatoire :<\/strong><br \/>\nGr\u00e2ce \u00e0 leurs propri\u00e9t\u00e9s anti-inflammatoires, ils aident \u00e0 r\u00e9duire les inflammations chroniques et soutiennent la sant\u00e9 articulaire et immunitaire.<\/li>\n<li><strong>Emotional balance:<\/strong><br \/>\nOmega 3s participate in mood regulation and the reduction of stress and depressive states.<\/li>\n<\/ul>\n <\/div>[\/toggle][toggle color=&#8221;Default&#8221; heading_tag=&#8221;h5&#8243; heading_tag_functionality=&#8221;default&#8221; title=&#8221;Dosage&#8221;]<div class=\"nectar-fancy-ul\" data-list-icon=\"icon-salient-thin-line\" data-animation=\"false\" data-animation-delay=\"0\" data-color=\"accent-color\" data-spacing=\"15px\" data-alignment=\"left\"> <strong>To fully benefit from Omega 3 Dyet, here are the recommended dosage instructions:<\/strong><\/p>\n<ul>\n<li><strong>Recommended daily dose: <\/strong>2 capsules per day, preferably taken during a meal for better absorption of fatty acids.<\/li>\n<li><strong>Duration of use: <\/strong>Omega 3s can be consumed throughout the year for constant support of your health, particularly in cases of increased needs (stress, mental fatigue, vision problems, etc.).<\/li>\n<\/ul>\n<p><strong>Precautions:<\/strong><\/p>\n<ul>\n<li>Do not exceed the recommended dose.<\/li>\n<li>Suitable for adults and adolescents, unless otherwise advised by a healthcare professional.<\/li>\n<li>Consult your doctor if pregnant, breastfeeding, or on anticoagulant treatment.<\/li>\n<\/ul>\n <\/div>[\/toggle][toggle color=&#8221;Default&#8221; heading_tag=&#8221;h5&#8243; heading_tag_functionality=&#8221;default&#8221; title=&#8221;Contraindications&#8221;]<div class=\"nectar-fancy-ul\" data-list-icon=\"icon-salient-thin-line\" data-animation=\"false\" data-animation-delay=\"0\" data-color=\"accent-color\" data-spacing=\"15px\" data-alignment=\"left\"> <strong>Not recommended in case of:<\/strong><\/p>\n<ul>\n<li>pregnancy<\/li>\n<li>hypothyroidism<\/li>\n<li>anticoagulant use<\/li>\n<\/ul>\n <\/div>[\/toggle][\/toggles][\/vc_column][\/vc_row]\n","protected":false},"excerpt":{"rendered":"<h5><span style=\"color: #0000ff;\">1-month course (1.13 CHF \/ day)<\/span><\/h5>\n<p><strong>Dyet Omega 3<\/strong> supplements are formulated to meet your body&#8217;s essential needs. With an optimal concentration of <strong>400 mg EPA and 300 mg DHA<\/strong> per gram, they are made from wild Alaskan Pollock, guaranteeing exceptional purity and sustainable fishing thanks to MSC certification.<\/p>\n","protected":false},"featured_media":4205,"comment_status":"closed","ping_status":"closed","template":"","meta":[],"product_brand":[],"product_cat":[315],"product_tag":[313,312,314,311],"class_list":{"0":"post-4220","1":"product","2":"type-product","3":"status-publish","4":"has-post-thumbnail","6":"product_cat-food-supplement","7":"product_tag-dha-en","8":"product_tag-epa-en","9":"product_tag-msc-en","10":"product_tag-omega3-en","11":"product_shipping_class-sigle-item","13":"first","14":"outofstock","15":"shipping-taxable","16":"purchasable","17":"product-type-simple"},"jetpack_sharing_enabled":true,"_links":{"self":[{"href":"https:\/\/dyetstore.com\/en\/wp-json\/wp\/v2\/product\/4220","targetHints":{"allow":["GET"]}}],"collection":[{"href":"https:\/\/dyetstore.com\/en\/wp-json\/wp\/v2\/product"}],"about":[{"href":"https:\/\/dyetstore.com\/en\/wp-json\/wp\/v2\/types\/product"}],"replies":[{"embeddable":true,"href":"https:\/\/dyetstore.com\/en\/wp-json\/wp\/v2\/comments?post=4220"}],"wp:featuredmedia":[{"embeddable":true,"href":"https:\/\/dyetstore.com\/en\/wp-json\/wp\/v2\/media\/4205"}],"wp:attachment":[{"href":"https:\/\/dyetstore.com\/en\/wp-json\/wp\/v2\/media?parent=4220"}],"wp:term":[{"taxonomy":"product_brand","embeddable":true,"href":"https:\/\/dyetstore.com\/en\/wp-json\/wp\/v2\/product_brand?post=4220"},{"taxonomy":"product_cat","embeddable":true,"href":"https:\/\/dyetstore.com\/en\/wp-json\/wp\/v2\/product_cat?post=4220"},{"taxonomy":"product_tag","embeddable":true,"href":"https:\/\/dyetstore.com\/en\/wp-json\/wp\/v2\/product_tag?post=4220"}],"curies":[{"name":"wp","href":"https:\/\/api.w.org\/{rel}","templated":true}]}}